{"id":1907,"date":"2026-02-23T10:01:30","date_gmt":"2026-02-23T09:01:30","guid":{"rendered":"https:\/\/stefan-kerzher-magnetiseur.org\/?page_id=1907"},"modified":"2026-02-23T10:02:47","modified_gmt":"2026-02-23T09:02:47","slug":"rituels","status":"publish","type":"page","link":"https:\/\/stefan-kerzher-magnetiseur.org\/index.php\/rituels\/","title":{"rendered":"Rituels"},"content":{"rendered":"","protected":false},"excerpt":{"rendered":"","protected":false},"author":1,"featured_media":0,"parent":0,"menu_order":0,"comment_status":"closed","ping_status":"closed","template":"","meta":{"site-sidebar-layout":"no-sidebar","site-content-layout":"","ast-site-content-layout":"full-width-container","site-content-style":"default","site-sidebar-style":"default","ast-global-header-display":"","ast-banner-title-visibility":"","ast-main-header-display":"","ast-hfb-above-header-display":"","ast-hfb-below-header-display":"","ast-hfb-mobile-header-display":"","site-post-title":"","ast-breadcrumbs-content":"","ast-featured-img":"disabled","footer-sml-layout":"","ast-disable-related-posts":"","theme-transparent-header-meta":"","adv-header-id-meta":"","stick-header-meta":"","header-above-stick-meta":"","header-main-stick-meta":"","header-below-stick-meta":"","astra-migrate-meta-layouts":"default","ast-page-background-enabled":"default","ast-page-background-meta":{"desktop":{"background-color":"var(--ast-global-color-4)","background-image":"","background-repeat":"repeat","background-position":"center center","background-size":"auto","background-attachment":"scroll","background-type":"","background-media":"","overlay-type":"","overlay-color":"","overlay-opacity":"","overlay-gradient":""},"tablet":{"background-color":"","background-image":"","background-repeat":"repeat","background-position":"center center","background-size":"auto","background-attachment":"scroll","background-type":"","background-media":"","overlay-type":"","overlay-color":"","overlay-opacity":"","overlay-gradient":""},"mobile":{"background-color":"","background-image":"","background-repeat":"repeat","background-position":"center center","background-size":"auto","background-attachment":"scroll","background-type":"","background-media":"","overlay-type":"","overlay-color":"","overlay-opacity":"","overlay-gradient":""}},"ast-content-background-meta":{"desktop":{"background-color":"var(--ast-global-color-5)","background-image":"","background-repeat":"repeat","background-position":"center center","background-size":"auto","background-attachment":"scroll","background-type":"","background-media":"","overlay-type":"","overlay-color":"","overlay-opacity":"","overlay-gradient":""},"tablet":{"background-color":"var(--ast-global-color-5)","background-image":"","background-repeat":"repeat","background-position":"center center","background-size":"auto","background-attachment":"scroll","background-type":"","background-media":"","overlay-type":"","overlay-color":"","overlay-opacity":"","overlay-gradient":""},"mobile":{"background-color":"var(--ast-global-color-5)","background-image":"","background-repeat":"repeat","background-position":"center center","background-size":"auto","background-attachment":"scroll","background-type":"","background-media":"","overlay-type":"","overlay-color":"","overlay-opacity":"","overlay-gradient":""}},"footnotes":""},"class_list":["post-1907","page","type-page","status-publish","hentry"],"yoast_head":"<!-- This site is optimized with the Yoast SEO plugin v26.6 - https:\/\/yoast.com\/wordpress\/plugins\/seo\/ -->\n<title>Rituels - Soin Magn\u00e9tisme \u00e0 Distance \u2013 R\u00e9alis\u00e9 en moins de 24 heures<\/title>\n<meta name=\"robots\" content=\"index, follow, max-snippet:-1, max-image-preview:large, max-video-preview:-1\" \/>\n<link rel=\"canonical\" href=\"https:\/\/stefan-kerzher-magnetiseur.org\/index.php\/rituels\/\" \/>\n<meta property=\"og:locale\" content=\"fr_FR\" \/>\n<meta property=\"og:type\" content=\"article\" \/>\n<meta property=\"og:title\" content=\"Rituels - Soin Magn\u00e9tisme \u00e0 Distance \u2013 R\u00e9alis\u00e9 en moins de 24 heures\" \/>\n<meta property=\"og:url\" content=\"https:\/\/stefan-kerzher-magnetiseur.org\/index.php\/rituels\/\" \/>\n<meta property=\"og:site_name\" content=\"Soin Magn\u00e9tisme \u00e0 Distance \u2013 R\u00e9alis\u00e9 en moins de 24 heures\" \/>\n<meta property=\"article:publisher\" content=\"https:\/\/www.facebook.com\/stefan.kerzher.magnetiseur\/\" \/>\n<meta property=\"article:modified_time\" content=\"2026-02-23T09:02:47+00:00\" \/>\n<meta name=\"twitter:card\" content=\"summary_large_image\" \/>\n<script type=\"application\/ld+json\" class=\"yoast-schema-graph\">{\"@context\":\"https:\/\/schema.org\",\"@graph\":[{\"@type\":\"WebPage\",\"@id\":\"https:\/\/stefan-kerzher-magnetiseur.org\/index.php\/rituels\/\",\"url\":\"https:\/\/stefan-kerzher-magnetiseur.org\/index.php\/rituels\/\",\"name\":\"Rituels - Soin Magn\u00e9tisme \u00e0 Distance \u2013 R\u00e9alis\u00e9 en moins de 24 heures\",\"isPartOf\":{\"@id\":\"https:\/\/stefan-kerzher-magnetiseur.org\/#website\"},\"datePublished\":\"2026-02-23T09:01:30+00:00\",\"dateModified\":\"2026-02-23T09:02:47+00:00\",\"breadcrumb\":{\"@id\":\"https:\/\/stefan-kerzher-magnetiseur.org\/index.php\/rituels\/#breadcrumb\"},\"inLanguage\":\"fr-FR\",\"potentialAction\":[{\"@type\":\"ReadAction\",\"target\":[\"https:\/\/stefan-kerzher-magnetiseur.org\/index.php\/rituels\/\"]}]},{\"@type\":\"BreadcrumbList\",\"@id\":\"https:\/\/stefan-kerzher-magnetiseur.org\/index.php\/rituels\/#breadcrumb\",\"itemListElement\":[{\"@type\":\"ListItem\",\"position\":1,\"name\":\"Accueil\",\"item\":\"https:\/\/stefan-kerzher-magnetiseur.org\/\"},{\"@type\":\"ListItem\",\"position\":2,\"name\":\"Rituels\"}]},{\"@type\":\"WebSite\",\"@id\":\"https:\/\/stefan-kerzher-magnetiseur.org\/#website\",\"url\":\"https:\/\/stefan-kerzher-magnetiseur.org\/\",\"name\":\"Stefan Kerzher Magn\u00e9tiseur Naturopathe\",\"description\":\"( France et International )\",\"publisher\":{\"@id\":\"https:\/\/stefan-kerzher-magnetiseur.org\/#\/schema\/person\/0f86dfd5bce05bf9cdfce25f6febd474\"},\"potentialAction\":[{\"@type\":\"SearchAction\",\"target\":{\"@type\":\"EntryPoint\",\"urlTemplate\":\"https:\/\/stefan-kerzher-magnetiseur.org\/?s={search_term_string}\"},\"query-input\":{\"@type\":\"PropertyValueSpecification\",\"valueRequired\":true,\"valueName\":\"search_term_string\"}}],\"inLanguage\":\"fr-FR\"},{\"@type\":[\"Person\",\"Organization\"],\"@id\":\"https:\/\/stefan-kerzher-magnetiseur.org\/#\/schema\/person\/0f86dfd5bce05bf9cdfce25f6febd474\",\"name\":\"Stefan Kerzher\",\"image\":{\"@type\":\"ImageObject\",\"inLanguage\":\"fr-FR\",\"@id\":\"https:\/\/stefan-kerzher-magnetiseur.org\/#\/schema\/person\/image\/\",\"url\":\"https:\/\/stefan-kerzher-magnetiseur.org\/wp-content\/uploads\/2024\/03\/cropped-triquetra-removebg-preview.webp?wsr\",\"contentUrl\":\"https:\/\/stefan-kerzher-magnetiseur.org\/wp-content\/uploads\/2024\/03\/cropped-triquetra-removebg-preview.webp?wsr\",\"width\":495,\"height\":504,\"caption\":\"Stefan Kerzher\"},\"logo\":{\"@id\":\"https:\/\/stefan-kerzher-magnetiseur.org\/#\/schema\/person\/image\/\"},\"description\":\"Je m\u2019appelle Stefan Kerzher et je suis arriv\u00e9 au magn\u00e9tisme \u00e0 travers l\u2019influence de ma grand-m\u00e8re paternelle, qui pratiquait la gu\u00e9rison par imposition des mains. Vers l\u2019\u00e2ge de 21 ans, j\u2019ai \u00e9t\u00e9 initi\u00e9 dans un coll\u00e8ge druidique qui m\u2019a naturellement orient\u00e9 vers la naturopathie. Au d\u00e9but, je n\u2019utilisais mes dons et mes connaissances que pour mes proches et mes amis. Cependant, un jour, celui que j\u2019appelle mon Ma\u00eetre, Bernard Kerespars, m\u2019a express\u00e9ment demand\u00e9 de consacrer d\u00e9sormais ma vie aux autres. Convaincu que j\u2019\u00e9tais pr\u00eat, j\u2019ai suivi son conseil, et me voil\u00e0 aujourd\u2019hui devant vous, dans un cabinet. C\u2019est la plus belle d\u00e9cision que j\u2019ai eu \u00e0 prendre de ma vie. Pourquoi sp\u00e9cialiste de l'infertilit\u00e9 Je me suis int\u00e9ress\u00e9 \u00e0 l\u2019infertilit\u00e9 lorsque mon \u00e9pouse et moi avons \u00e9t\u00e9 confront\u00e9s \u00e0 ce d\u00e9fi. En tant que naturopathe, j\u2019ai entrepris des recherches approfondies, contact\u00e9 des sp\u00e9cialistes de la m\u00e9decine douce et naturelle, et finalement d\u00e9velopp\u00e9 un protocole qui a fonctionn\u00e9 pour nous. Depuis ce jour, je n\u2019ai eu de cesse d\u2019am\u00e9liorer ce protocole afin que personne ne doive vivre dans l\u2019incertitude quant \u00e0 la possibilit\u00e9 d\u2019avoir un enfant. C\u2019est pourquoi aujourd\u2019hui, je propose un programme complet sur 3 mois.\",\"sameAs\":[\"http:\/\/stefan-kerzher-magnetiseur.org\",\"https:\/\/www.facebook.com\/stefan.kerzher.magnetiseur\/\",\"https:\/\/www.linkedin.com\/in\/stefan-kerzer-magn\u00e9tiseur-naturopathe-3108242b3\/\"]}]}<\/script>\n<!-- \/ Yoast SEO plugin. -->","yoast_head_json":{"title":"Rituels - Soin Magn\u00e9tisme \u00e0 Distance \u2013 R\u00e9alis\u00e9 en moins de 24 heures","robots":{"index":"index","follow":"follow","max-snippet":"max-snippet:-1","max-image-preview":"max-image-preview:large","max-video-preview":"max-video-preview:-1"},"canonical":"https:\/\/stefan-kerzher-magnetiseur.org\/index.php\/rituels\/","og_locale":"fr_FR","og_type":"article","og_title":"Rituels - Soin Magn\u00e9tisme \u00e0 Distance \u2013 R\u00e9alis\u00e9 en moins de 24 heures","og_url":"https:\/\/stefan-kerzher-magnetiseur.org\/index.php\/rituels\/","og_site_name":"Soin Magn\u00e9tisme \u00e0 Distance \u2013 R\u00e9alis\u00e9 en moins de 24 heures","article_publisher":"https:\/\/www.facebook.com\/stefan.kerzher.magnetiseur\/","article_modified_time":"2026-02-23T09:02:47+00:00","twitter_card":"summary_large_image","schema":{"@context":"https:\/\/schema.org","@graph":[{"@type":"WebPage","@id":"https:\/\/stefan-kerzher-magnetiseur.org\/index.php\/rituels\/","url":"https:\/\/stefan-kerzher-magnetiseur.org\/index.php\/rituels\/","name":"Rituels - Soin Magn\u00e9tisme \u00e0 Distance \u2013 R\u00e9alis\u00e9 en moins de 24 heures","isPartOf":{"@id":"https:\/\/stefan-kerzher-magnetiseur.org\/#website"},"datePublished":"2026-02-23T09:01:30+00:00","dateModified":"2026-02-23T09:02:47+00:00","breadcrumb":{"@id":"https:\/\/stefan-kerzher-magnetiseur.org\/index.php\/rituels\/#breadcrumb"},"inLanguage":"fr-FR","potentialAction":[{"@type":"ReadAction","target":["https:\/\/stefan-kerzher-magnetiseur.org\/index.php\/rituels\/"]}]},{"@type":"BreadcrumbList","@id":"https:\/\/stefan-kerzher-magnetiseur.org\/index.php\/rituels\/#breadcrumb","itemListElement":[{"@type":"ListItem","position":1,"name":"Accueil","item":"https:\/\/stefan-kerzher-magnetiseur.org\/"},{"@type":"ListItem","position":2,"name":"Rituels"}]},{"@type":"WebSite","@id":"https:\/\/stefan-kerzher-magnetiseur.org\/#website","url":"https:\/\/stefan-kerzher-magnetiseur.org\/","name":"Stefan Kerzher Magn\u00e9tiseur Naturopathe","description":"( France et International )","publisher":{"@id":"https:\/\/stefan-kerzher-magnetiseur.org\/#\/schema\/person\/0f86dfd5bce05bf9cdfce25f6febd474"},"potentialAction":[{"@type":"SearchAction","target":{"@type":"EntryPoint","urlTemplate":"https:\/\/stefan-kerzher-magnetiseur.org\/?s={search_term_string}"},"query-input":{"@type":"PropertyValueSpecification","valueRequired":true,"valueName":"search_term_string"}}],"inLanguage":"fr-FR"},{"@type":["Person","Organization"],"@id":"https:\/\/stefan-kerzher-magnetiseur.org\/#\/schema\/person\/0f86dfd5bce05bf9cdfce25f6febd474","name":"Stefan Kerzher","image":{"@type":"ImageObject","inLanguage":"fr-FR","@id":"https:\/\/stefan-kerzher-magnetiseur.org\/#\/schema\/person\/image\/","url":"https:\/\/stefan-kerzher-magnetiseur.org\/wp-content\/uploads\/2024\/03\/cropped-triquetra-removebg-preview.webp?wsr","contentUrl":"https:\/\/stefan-kerzher-magnetiseur.org\/wp-content\/uploads\/2024\/03\/cropped-triquetra-removebg-preview.webp?wsr","width":495,"height":504,"caption":"Stefan Kerzher"},"logo":{"@id":"https:\/\/stefan-kerzher-magnetiseur.org\/#\/schema\/person\/image\/"},"description":"Je m\u2019appelle Stefan Kerzher et je suis arriv\u00e9 au magn\u00e9tisme \u00e0 travers l\u2019influence de ma grand-m\u00e8re paternelle, qui pratiquait la gu\u00e9rison par imposition des mains. Vers l\u2019\u00e2ge de 21 ans, j\u2019ai \u00e9t\u00e9 initi\u00e9 dans un coll\u00e8ge druidique qui m\u2019a naturellement orient\u00e9 vers la naturopathie. Au d\u00e9but, je n\u2019utilisais mes dons et mes connaissances que pour mes proches et mes amis. Cependant, un jour, celui que j\u2019appelle mon Ma\u00eetre, Bernard Kerespars, m\u2019a express\u00e9ment demand\u00e9 de consacrer d\u00e9sormais ma vie aux autres. Convaincu que j\u2019\u00e9tais pr\u00eat, j\u2019ai suivi son conseil, et me voil\u00e0 aujourd\u2019hui devant vous, dans un cabinet. C\u2019est la plus belle d\u00e9cision que j\u2019ai eu \u00e0 prendre de ma vie. Pourquoi sp\u00e9cialiste de l'infertilit\u00e9 Je me suis int\u00e9ress\u00e9 \u00e0 l\u2019infertilit\u00e9 lorsque mon \u00e9pouse et moi avons \u00e9t\u00e9 confront\u00e9s \u00e0 ce d\u00e9fi. En tant que naturopathe, j\u2019ai entrepris des recherches approfondies, contact\u00e9 des sp\u00e9cialistes de la m\u00e9decine douce et naturelle, et finalement d\u00e9velopp\u00e9 un protocole qui a fonctionn\u00e9 pour nous. Depuis ce jour, je n\u2019ai eu de cesse d\u2019am\u00e9liorer ce protocole afin que personne ne doive vivre dans l\u2019incertitude quant \u00e0 la possibilit\u00e9 d\u2019avoir un enfant. C\u2019est pourquoi aujourd\u2019hui, je propose un programme complet sur 3 mois.","sameAs":["http:\/\/stefan-kerzher-magnetiseur.org","https:\/\/www.facebook.com\/stefan.kerzher.magnetiseur\/","https:\/\/www.linkedin.com\/in\/stefan-kerzer-magn\u00e9tiseur-naturopathe-3108242b3\/"]}]}},"_links":{"self":[{"href":"https:\/\/stefan-kerzher-magnetiseur.org\/index.php\/wp-json\/wp\/v2\/pages\/1907","targetHints":{"allow":["GET"]}}],"collection":[{"href":"https:\/\/stefan-kerzher-magnetiseur.org\/index.php\/wp-json\/wp\/v2\/pages"}],"about":[{"href":"https:\/\/stefan-kerzher-magnetiseur.org\/index.php\/wp-json\/wp\/v2\/types\/page"}],"author":[{"embeddable":true,"href":"https:\/\/stefan-kerzher-magnetiseur.org\/index.php\/wp-json\/wp\/v2\/users\/1"}],"replies":[{"embeddable":true,"href":"https:\/\/stefan-kerzher-magnetiseur.org\/index.php\/wp-json\/wp\/v2\/comments?post=1907"}],"version-history":[{"count":4,"href":"https:\/\/stefan-kerzher-magnetiseur.org\/index.php\/wp-json\/wp\/v2\/pages\/1907\/revisions"}],"predecessor-version":[{"id":1911,"href":"https:\/\/stefan-kerzher-magnetiseur.org\/index.php\/wp-json\/wp\/v2\/pages\/1907\/revisions\/1911"}],"wp:attachment":[{"href":"https:\/\/stefan-kerzher-magnetiseur.org\/index.php\/wp-json\/wp\/v2\/media?parent=1907"}],"curies":[{"name":"wp","href":"https:\/\/api.w.org\/{rel}","templated":true}]}}